{"id":1877,"date":"2020-05-19T19:07:10","date_gmt":"2020-05-20T00:07:10","guid":{"rendered":"https:\/\/sylviepainchaud.com\/?page_id=1877"},"modified":"2020-06-21T13:07:43","modified_gmt":"2020-06-21T18:07:43","slug":"techniques-mixtes","status":"publish","type":"page","link":"https:\/\/sylviepainchaud.com\/?page_id=1877","title":{"rendered":"Techniques Mixtes"},"content":{"rendered":"\n<p><\/p>\n\n\n\n<p><\/p>\n\n\n\n<ul class=\"wp-block-list\"><li><a href=\"https:\/\/sylviepainchaud.com\/haiku\/\">Haiku<\/a><\/li><li>Nuages&#8230;<\/li><li><a href=\"https:\/\/sylviepainchaud.com\/serie-blanche\/\">S\u00e9rie Blanche sur bois<\/a> <\/li><li><a href=\"https:\/\/sylviepainchaud.com\/palimpseste\/\">Palimpseste<\/a><\/li><li><a href=\"https:\/\/sylviepainchaud.com\/serie-rouge\/\">S\u00e9rie Rouge<\/a><\/li><li>S\u00e9rie Blanche<\/li><\/ul>\n\n\n\n<p><\/p>\n","protected":false},"excerpt":{"rendered":"<p>Haiku Nuages&#8230; S\u00e9rie Blanche sur bois Palimpseste S\u00e9rie Rouge S\u00e9rie Blanche<\/p>\n","protected":false},"author":1,"featured_media":0,"parent":0,"menu_order":0,"comment_status":"closed","ping_status":"closed","template":"","meta":{"_coblocks_attr":"","_coblocks_dimensions":"","_coblocks_responsive_height":"","_coblocks_accordion_ie_support":"","_themeisle_gutenberg_block_has_review":false,"footnotes":""},"class_list":["post-1877","page","type-page","status-publish","hentry"],"_links":{"self":[{"href":"https:\/\/sylviepainchaud.com\/index.php?rest_route=\/wp\/v2\/pages\/1877","targetHints":{"allow":["GET"]}}],"collection":[{"href":"https:\/\/sylviepainchaud.com\/index.php?rest_route=\/wp\/v2\/pages"}],"about":[{"href":"https:\/\/sylviepainchaud.com\/index.php?rest_route=\/wp\/v2\/types\/page"}],"author":[{"embeddable":true,"href":"https:\/\/sylviepainchaud.com\/index.php?rest_route=\/wp\/v2\/users\/1"}],"replies":[{"embeddable":true,"href":"https:\/\/sylviepainchaud.com\/index.php?rest_route=%2Fwp%2Fv2%2Fcomments&post=1877"}],"version-history":[{"count":15,"href":"https:\/\/sylviepainchaud.com\/index.php?rest_route=\/wp\/v2\/pages\/1877\/revisions"}],"predecessor-version":[{"id":2347,"href":"https:\/\/sylviepainchaud.com\/index.php?rest_route=\/wp\/v2\/pages\/1877\/revisions\/2347"}],"wp:attachment":[{"href":"https:\/\/sylviepainchaud.com\/index.php?rest_route=%2Fwp%2Fv2%2Fmedia&parent=1877"}],"curies":[{"name":"wp","href":"https:\/\/api.w.org\/{rel}","templated":true}]}}